{"id":1724,"date":"2022-03-10T17:56:30","date_gmt":"2022-03-10T16:56:30","guid":{"rendered":"https:\/\/www.quattroemme.com\/?post_type=product&#038;p=1724"},"modified":"2024-01-22T09:46:22","modified_gmt":"2024-01-22T08:46:22","slug":"puccia","status":"publish","type":"product","link":"https:\/\/www.quattroemme.com\/en\/shop\/focaccia-pizza-panzerotti\/pizze-e-pucce\/puccia\/","title":{"rendered":"Puccia 100gr- 4 pezzi"},"content":{"rendered":"<p>La puccia \u00e8 una forma di pane tipica pugliese. Il suo sapore ricorda quello della pizza ed \u00e8 perfetta per accogliere le pi\u00f9 svariate farciture.<br \/>\nSi conserva in frigo per 30 giorni ed \u00e8 pronta in pochi minuti nel forno.<\/p>\n<p>I nostri prodotti non contengono conservanti: vengono preparati subito dopo l&#8217;ordine e spediti il giorno stesso in cui vengono sfornati. Potrebbe essere necessario qualche giorno di attesa in pi\u00f9 (3-5 giorni lavorativi).<\/p>","protected":false},"excerpt":{"rendered":"<p>Confezione da 2 pezzi<\/p>","protected":false},"featured_media":1725,"comment_status":"closed","ping_status":"closed","template":"","meta":{"inline_featured_image":false},"product_brand":[],"product_cat":[76,304],"product_tag":[],"class_list":{"0":"post-1724","1":"product","2":"type-product","3":"status-publish","4":"has-post-thumbnail","6":"product_cat-focaccia-pizza-panzerotti","7":"product_cat-pizze-e-pucce","9":"first","10":"instock","11":"taxable","12":"shipping-taxable","13":"purchasable","14":"product-type-simple"},"_links":{"self":[{"href":"https:\/\/www.quattroemme.com\/en\/wp-json\/wp\/v2\/product\/1724","targetHints":{"allow":["GET"]}}],"collection":[{"href":"https:\/\/www.quattroemme.com\/en\/wp-json\/wp\/v2\/product"}],"about":[{"href":"https:\/\/www.quattroemme.com\/en\/wp-json\/wp\/v2\/types\/product"}],"replies":[{"embeddable":true,"href":"https:\/\/www.quattroemme.com\/en\/wp-json\/wp\/v2\/comments?post=1724"}],"wp:featuredmedia":[{"embeddable":true,"href":"https:\/\/www.quattroemme.com\/en\/wp-json\/wp\/v2\/media\/1725"}],"wp:attachment":[{"href":"https:\/\/www.quattroemme.com\/en\/wp-json\/wp\/v2\/media?parent=1724"}],"wp:term":[{"taxonomy":"product_brand","embeddable":true,"href":"https:\/\/www.quattroemme.com\/en\/wp-json\/wp\/v2\/product_brand?post=1724"},{"taxonomy":"product_cat","embeddable":true,"href":"https:\/\/www.quattroemme.com\/en\/wp-json\/wp\/v2\/product_cat?post=1724"},{"taxonomy":"product_tag","embeddable":true,"href":"https:\/\/www.quattroemme.com\/en\/wp-json\/wp\/v2\/product_tag?post=1724"}],"curies":[{"name":"wp","href":"https:\/\/api.w.org\/{rel}","templated":true}]}}