{"id":473,"date":"2020-05-13T02:06:25","date_gmt":"2020-05-13T00:06:25","guid":{"rendered":"https:\/\/www.quattroemme.com\/?page_id=473"},"modified":"2021-04-07T02:49:41","modified_gmt":"2021-04-07T00:49:41","slug":"i-prodotti","status":"publish","type":"page","link":"https:\/\/www.quattroemme.com\/it\/i-prodotti\/","title":{"rendered":"I Prodotti"},"content":{"rendered":"\n<div class=\"wp-block-group onecol lg-col\"><div class=\"wp-block-group__inner-container is-layout-flow wp-block-group-is-layout-flow\">\n<div class=\"wp-block-group super-custom padded-content sm\"><div class=\"wp-block-group__inner-container is-layout-flow wp-block-group-is-layout-flow\">\n<h3 class=\"has-text-align-center inst-color-hover h1 wp-block-heading\">Da Sua Maest\u00e0 il Tarallo Classico Pugliese a vere e proprie delizie da forno passando per la focaccia barese preparata seguendo la nostra ricetta di famiglia.<\/h3>\n\n\n\n<p class=\"has-text-align-center onecol has-medium-font-size\"><strong>Quattroemme ogni giorno sforna prodotti ottimi per antipasti, aperitivi e break, ma anche dolci tipici della tradizione realizzati artigianalmente con soli ingredienti locali. Scopri le nostre linee di prodotto e gusta i nostri taralli, dal pi\u00f9 tradizionale al pi\u00f9 sfizioso, disponibili in vari gusti e formati per garantirvi friabilit\u00e0 e fragranze uniche.<\/strong><\/p>\n<\/div><\/div>\n\n\n\n<div style=\"height:60px\" aria-hidden=\"true\" class=\"wp-block-spacer\"><\/div>\n<\/div><\/div>\n\n\n\n<div class=\"wp-block-group onecol lg-col\"><div class=\"wp-block-group__inner-container is-layout-flow wp-block-group-is-layout-flow\">\n<div class=\"wp-block-group\"><div class=\"wp-block-group__inner-container is-layout-flow wp-block-group-is-layout-flow\">\n<div class=\"wp-block-columns colonne-categoria is-layout-flex wp-container-core-columns-is-layout-28f84493 wp-block-columns-is-layout-flex\">\n<div class=\"wp-block-column colonna-linea-classica is-layout-flow wp-block-column-is-layout-flow\">\n<figure class=\"wp-block-image size-large\"><img loading=\"lazy\" decoding=\"async\" width=\"900\" height=\"584\" src=\"https:\/\/www.quattroemme.com\/wp-content\/uploads\/2020\/05\/prodotti-quattroemme-linea-classica.jpg\" alt=\"\" class=\"wp-image-475\" srcset=\"https:\/\/www.quattroemme.com\/wp-content\/uploads\/2020\/05\/prodotti-quattroemme-linea-classica.jpg 900w, https:\/\/www.quattroemme.com\/wp-content\/uploads\/2020\/05\/prodotti-quattroemme-linea-classica-800x519.jpg 800w, https:\/\/www.quattroemme.com\/wp-content\/uploads\/2020\/05\/prodotti-quattroemme-linea-classica-300x195.jpg 300w, https:\/\/www.quattroemme.com\/wp-content\/uploads\/2020\/05\/prodotti-quattroemme-linea-classica-768x498.jpg 768w\" sizes=\"auto, (max-width: 900px) 100vw, 900px\" \/><\/figure>\n\n\n\n<div class=\"wp-block-group\"><div class=\"wp-block-group__inner-container is-layout-flow wp-block-group-is-layout-flow\">\n<h3 class=\"wp-block-heading\">LINEA CLASSICA<\/h3>\n\n\n\n<p>I grandi classici della tradizione: taralli e friselle preparati con lo stesso amore da oltre trent&#8217;anni.<\/p>\n<\/div><\/div>\n\n\n\n<div class=\"wp-block-buttons is-layout-flex wp-block-buttons-is-layout-flex\">\n<div class=\"wp-block-button\"><a class=\"wp-block-button__link has-text-color has-background\" href=\"https:\/\/www.quattroemme.com\/categoria-prodotto\/linea-classica\/\" style=\"border-radius:8px;background-color:#ebe5d7;color:#2d1300\"><strong>Scopri i prodotti<\/strong><\/a><\/div>\n<\/div>\n<\/div>\n\n\n\n<div class=\"wp-block-column colonna-linea-spaciale is-layout-flow wp-block-column-is-layout-flow\">\n<figure class=\"wp-block-image size-large\"><img loading=\"lazy\" decoding=\"async\" width=\"900\" height=\"584\" src=\"https:\/\/www.quattroemme.com\/wp-content\/uploads\/2020\/05\/prodotti-quattroemme-linea-speciale_2.jpg\" alt=\"\" class=\"wp-image-476\" srcset=\"https:\/\/www.quattroemme.com\/wp-content\/uploads\/2020\/05\/prodotti-quattroemme-linea-speciale_2.jpg 900w, https:\/\/www.quattroemme.com\/wp-content\/uploads\/2020\/05\/prodotti-quattroemme-linea-speciale_2-800x519.jpg 800w, https:\/\/www.quattroemme.com\/wp-content\/uploads\/2020\/05\/prodotti-quattroemme-linea-speciale_2-300x195.jpg 300w, https:\/\/www.quattroemme.com\/wp-content\/uploads\/2020\/05\/prodotti-quattroemme-linea-speciale_2-768x498.jpg 768w\" sizes=\"auto, (max-width: 900px) 100vw, 900px\" \/><\/figure>\n\n\n\n<div class=\"wp-block-group\"><div class=\"wp-block-group__inner-container is-layout-flow wp-block-group-is-layout-flow\">\n<h3 class=\"wp-block-heading\">LINEA SPECIALE<\/h3>\n\n\n\n<p>Le ricette tradizionali incontrano farine e gusti moderni: il tarallo pugliese per ogni momento.<\/p>\n<\/div><\/div>\n\n\n\n<div class=\"wp-block-buttons is-layout-flex wp-block-buttons-is-layout-flex\">\n<div class=\"wp-block-button\"><a class=\"wp-block-button__link has-text-color has-background\" href=\"https:\/\/www.quattroemme.com\/categoria-prodotto\/linea-speciale\/\" style=\"border-radius:8px;background-color:#ebe5d7;color:#2d1300\"><strong>Scopri i prodotti<\/strong><\/a><\/div>\n<\/div>\n<\/div>\n<\/div>\n\n\n\n<div style=\"height:20px\" aria-hidden=\"true\" class=\"wp-block-spacer\"><\/div>\n\n\n\n<div class=\"wp-block-columns colonne-categoria is-layout-flex wp-container-core-columns-is-layout-28f84493 wp-block-columns-is-layout-flex\">\n<div class=\"wp-block-column colonna-linea-snack is-layout-flow wp-block-column-is-layout-flow\">\n<figure class=\"wp-block-image size-large\"><img loading=\"lazy\" decoding=\"async\" width=\"900\" height=\"584\" src=\"https:\/\/www.quattroemme.com\/wp-content\/uploads\/2020\/05\/prodotti-quattroemme-linea-snack-900x584.jpg\" alt=\"\" class=\"wp-image-477\" srcset=\"https:\/\/www.quattroemme.com\/wp-content\/uploads\/2020\/05\/prodotti-quattroemme-linea-snack.jpg 900w, https:\/\/www.quattroemme.com\/wp-content\/uploads\/2020\/05\/prodotti-quattroemme-linea-snack-800x519.jpg 800w, https:\/\/www.quattroemme.com\/wp-content\/uploads\/2020\/05\/prodotti-quattroemme-linea-snack-300x195.jpg 300w\" sizes=\"auto, (max-width: 900px) 100vw, 900px\" \/><\/figure>\n\n\n\n<div class=\"wp-block-group\"><div class=\"wp-block-group__inner-container is-layout-flow wp-block-group-is-layout-flow\">\n<h3 class=\"wp-block-heading\">LINEA SNACK<\/h3>\n\n\n\n<p>Per i momenti di relax, mentre ci si gode un aperitivo in compagnia o per una pausa dal lavoro.<\/p>\n<\/div><\/div>\n\n\n\n<div class=\"wp-block-buttons is-layout-flex wp-block-buttons-is-layout-flex\">\n<div class=\"wp-block-button\"><a class=\"wp-block-button__link has-text-color has-background\" href=\"https:\/\/www.quattroemme.com\/categoria-prodotto\/linea-snack\/\" style=\"border-radius:8px;background-color:#ebe5d7;color:#2d1300\"><strong>Scopri i prodotti<\/strong><\/a><\/div>\n<\/div>\n<\/div>\n\n\n\n<div class=\"wp-block-column colonna-linea-dolci is-layout-flow wp-block-column-is-layout-flow\">\n<figure class=\"wp-block-image size-large\"><img loading=\"lazy\" decoding=\"async\" width=\"900\" height=\"584\" src=\"https:\/\/www.quattroemme.com\/wp-content\/uploads\/2020\/05\/prodotti-quattroemme-linea-dolci-900x584.jpg\" alt=\"\" class=\"wp-image-478\" srcset=\"https:\/\/www.quattroemme.com\/wp-content\/uploads\/2020\/05\/prodotti-quattroemme-linea-dolci.jpg 900w, https:\/\/www.quattroemme.com\/wp-content\/uploads\/2020\/05\/prodotti-quattroemme-linea-dolci-800x519.jpg 800w, https:\/\/www.quattroemme.com\/wp-content\/uploads\/2020\/05\/prodotti-quattroemme-linea-dolci-300x195.jpg 300w\" sizes=\"auto, (max-width: 900px) 100vw, 900px\" \/><\/figure>\n\n\n\n<div class=\"wp-block-group\"><div class=\"wp-block-group__inner-container is-layout-flow wp-block-group-is-layout-flow\">\n<h3 class=\"wp-block-heading\">LINEA DOLCI<\/h3>\n\n\n\n<p>Momenti di vero piacere con queste piccole delizie di gusto, ottime a fine pasto o per un break di dolcezza.<\/p>\n<\/div><\/div>\n\n\n\n<div class=\"wp-block-buttons is-layout-flex wp-block-buttons-is-layout-flex\">\n<div class=\"wp-block-button\"><a class=\"wp-block-button__link has-text-color has-background\" href=\"https:\/\/www.quattroemme.com\/categoria-prodotto\/linea-dolci\/\" style=\"border-radius:8px;background-color:#ebe5d7;color:#2d1300\"><strong>Scopri i prodotti<\/strong><\/a><\/div>\n<\/div>\n\n\n\n<p><\/p>\n<\/div>\n<\/div>\n\n\n\n<div style=\"height:20px\" aria-hidden=\"true\" class=\"wp-block-spacer\"><\/div>\n\n\n\n<div class=\"wp-block-columns colonne-categoria is-layout-flex wp-container-core-columns-is-layout-28f84493 wp-block-columns-is-layout-flex\">\n<div class=\"wp-block-column colonna-linea-pasta is-layout-flow wp-block-column-is-layout-flow\">\n<figure class=\"wp-block-image size-large\"><img loading=\"lazy\" decoding=\"async\" width=\"900\" height=\"584\" src=\"https:\/\/www.quattroemme.com\/wp-content\/uploads\/2020\/05\/prodotti-quattroemme-pasta-900x584.jpg\" alt=\"\" class=\"wp-image-479\" srcset=\"https:\/\/www.quattroemme.com\/wp-content\/uploads\/2020\/05\/prodotti-quattroemme-pasta.jpg 900w, https:\/\/www.quattroemme.com\/wp-content\/uploads\/2020\/05\/prodotti-quattroemme-pasta-800x519.jpg 800w, https:\/\/www.quattroemme.com\/wp-content\/uploads\/2020\/05\/prodotti-quattroemme-pasta-300x195.jpg 300w\" sizes=\"auto, (max-width: 900px) 100vw, 900px\" \/><\/figure>\n\n\n\n<div class=\"wp-block-group\"><div class=\"wp-block-group__inner-container is-layout-flow wp-block-group-is-layout-flow\">\n<h3 class=\"wp-block-heading\">LINEA PASTA<\/h3>\n\n\n\n<p>Vari formati di pasta, prodotti secondo i dettami dell\u2019alta tradizione pugliese e utilizzando la migliore semola di grano duro.<\/p>\n<\/div><\/div>\n\n\n\n<div class=\"wp-block-buttons is-layout-flex wp-block-buttons-is-layout-flex\">\n<div class=\"wp-block-button\"><a class=\"wp-block-button__link has-text-color has-background\" href=\"https:\/\/www.quattroemme.com\/categoria-prodotto\/pasta\/\" style=\"border-radius:8px;background-color:#ebe5d7;color:#2d1300\"><strong>Scopri i prodotti<\/strong><\/a><\/div>\n<\/div>\n<\/div>\n\n\n\n<div class=\"wp-block-column colonna-linea-focaccia is-layout-flow wp-block-column-is-layout-flow\">\n<figure class=\"wp-block-image size-large\"><img loading=\"lazy\" decoding=\"async\" width=\"900\" height=\"584\" src=\"https:\/\/www.quattroemme.com\/wp-content\/uploads\/2020\/05\/prodotti-quattroemme-focaccia-900x584.jpg\" alt=\"\" class=\"wp-image-480\" srcset=\"https:\/\/www.quattroemme.com\/wp-content\/uploads\/2020\/05\/prodotti-quattroemme-focaccia.jpg 900w, https:\/\/www.quattroemme.com\/wp-content\/uploads\/2020\/05\/prodotti-quattroemme-focaccia-800x519.jpg 800w, https:\/\/www.quattroemme.com\/wp-content\/uploads\/2020\/05\/prodotti-quattroemme-focaccia-300x195.jpg 300w\" sizes=\"auto, (max-width: 900px) 100vw, 900px\" \/><\/figure>\n\n\n\n<div class=\"wp-block-group\"><div class=\"wp-block-group__inner-container is-layout-flow wp-block-group-is-layout-flow\">\n<h3 class=\"wp-block-heading\">LINEA FOCACCIA<\/h3>\n\n\n\n<p>Per godere dei sapori di Puglia in qualsiasi momento della giornata, vi portiamo direttamente a casa la nostra focaccia!<\/p>\n<\/div><\/div>\n\n\n\n<div class=\"wp-block-buttons is-layout-flex wp-block-buttons-is-layout-flex\">\n<div class=\"wp-block-button\"><a class=\"wp-block-button__link has-text-color has-background\" href=\"https:\/\/www.quattroemme.com\/categoria-prodotto\/focaccia\/\" style=\"border-radius:8px;background-color:#ebe5d7;color:#2d1300\"><strong>Scopri i prodotti<\/strong><\/a><\/div>\n<\/div>\n<\/div>\n<\/div>\n<\/div><\/div>\n<\/div><\/div>\n","protected":false},"excerpt":{"rendered":"<p>Da Sua Maest\u00e0 il Tarallo Classico Pugliese a vere e proprie delizie da forno passando per la focaccia barese preparata seguendo la nostra ricetta di famiglia. Quattroemme ogni giorno sforna prodotti ottimi per antipasti, aperitivi e break, ma anche dolci tipici della tradizione realizzati artigianalmente con soli ingredienti locali. Scopri le nostre linee di prodotto [&hellip;]<\/p>\n","protected":false},"author":1,"featured_media":474,"parent":0,"menu_order":0,"comment_status":"closed","ping_status":"closed","template":"","meta":{"inline_featured_image":false,"footnotes":""},"class_list":["post-473","page","type-page","status-publish","has-post-thumbnail","hentry"],"featured_image_src":"https:\/\/www.quattroemme.com\/wp-content\/uploads\/2020\/05\/4emme-immagine-prodotti.jpg","_links":{"self":[{"href":"https:\/\/www.quattroemme.com\/it\/wp-json\/wp\/v2\/pages\/473","targetHints":{"allow":["GET"]}}],"collection":[{"href":"https:\/\/www.quattroemme.com\/it\/wp-json\/wp\/v2\/pages"}],"about":[{"href":"https:\/\/www.quattroemme.com\/it\/wp-json\/wp\/v2\/types\/page"}],"author":[{"embeddable":true,"href":"https:\/\/www.quattroemme.com\/it\/wp-json\/wp\/v2\/users\/1"}],"replies":[{"embeddable":true,"href":"https:\/\/www.quattroemme.com\/it\/wp-json\/wp\/v2\/comments?post=473"}],"version-history":[{"count":8,"href":"https:\/\/www.quattroemme.com\/it\/wp-json\/wp\/v2\/pages\/473\/revisions"}],"predecessor-version":[{"id":1406,"href":"https:\/\/www.quattroemme.com\/it\/wp-json\/wp\/v2\/pages\/473\/revisions\/1406"}],"wp:featuredmedia":[{"embeddable":true,"href":"https:\/\/www.quattroemme.com\/it\/wp-json\/wp\/v2\/media\/474"}],"wp:attachment":[{"href":"https:\/\/www.quattroemme.com\/it\/wp-json\/wp\/v2\/media?parent=473"}],"curies":[{"name":"wp","href":"https:\/\/api.w.org\/{rel}","templated":true}]}}