{"id":1665,"date":"2022-02-01T03:49:32","date_gmt":"2022-02-01T02:49:32","guid":{"rendered":"https:\/\/www.quattroemme.com\/?post_type=product&#038;p=1665"},"modified":"2024-05-16T09:32:18","modified_gmt":"2024-05-16T07:32:18","slug":"focaccia-cipolla-e-olive","status":"publish","type":"product","link":"https:\/\/www.quattroemme.com\/it\/shop\/focaccia-pizza-panzerotti\/focaccia\/focaccia-cipolla-e-olive\/","title":{"rendered":"Focaccia cipolla e olive"},"content":{"rendered":"<p>La focaccia con cipolle e olive \u00e8 deliziosa e profumatissima. Servita calda o a temperatura ambiente, \u00e8 una vera bont\u00e0!<\/p>\n","protected":false},"excerpt":{"rendered":"<p>Confezioni da 300 g. e 600 g.<\/p>\n","protected":false},"featured_media":1988,"comment_status":"closed","ping_status":"closed","template":"","meta":{"inline_featured_image":false},"product_brand":[],"product_cat":[76,310],"product_tag":[],"class_list":{"0":"post-1665","1":"product","2":"type-product","3":"status-publish","4":"has-post-thumbnail","6":"product_cat-focaccia-pizza-panzerotti","7":"product_cat-focaccia","9":"first","10":"instock","11":"taxable","12":"shipping-taxable","13":"purchasable","14":"product-type-variable","15":"has-default-attributes"},"_links":{"self":[{"href":"https:\/\/www.quattroemme.com\/it\/wp-json\/wp\/v2\/product\/1665","targetHints":{"allow":["GET"]}}],"collection":[{"href":"https:\/\/www.quattroemme.com\/it\/wp-json\/wp\/v2\/product"}],"about":[{"href":"https:\/\/www.quattroemme.com\/it\/wp-json\/wp\/v2\/types\/product"}],"replies":[{"embeddable":true,"href":"https:\/\/www.quattroemme.com\/it\/wp-json\/wp\/v2\/comments?post=1665"}],"wp:featuredmedia":[{"embeddable":true,"href":"https:\/\/www.quattroemme.com\/it\/wp-json\/wp\/v2\/media\/1988"}],"wp:attachment":[{"href":"https:\/\/www.quattroemme.com\/it\/wp-json\/wp\/v2\/media?parent=1665"}],"wp:term":[{"taxonomy":"product_brand","embeddable":true,"href":"https:\/\/www.quattroemme.com\/it\/wp-json\/wp\/v2\/product_brand?post=1665"},{"taxonomy":"product_cat","embeddable":true,"href":"https:\/\/www.quattroemme.com\/it\/wp-json\/wp\/v2\/product_cat?post=1665"},{"taxonomy":"product_tag","embeddable":true,"href":"https:\/\/www.quattroemme.com\/it\/wp-json\/wp\/v2\/product_tag?post=1665"}],"curies":[{"name":"wp","href":"https:\/\/api.w.org\/{rel}","templated":true}]}}